{"id":60,"date":"2014-08-09T19:48:16","date_gmt":"2014-08-09T17:48:16","guid":{"rendered":"https:\/\/rosomak-rst.pl\/?page_id=60"},"modified":"2025-03-09T22:55:26","modified_gmt":"2025-03-09T21:55:26","slug":"kontakt","status":"publish","type":"page","link":"https:\/\/rosomak-rst.pl\/en\/kontakt\/","title":{"rendered":"Contact"},"content":{"rendered":"<h2 style=\"text-align: center;\"><\/h2>\n<h2 style=\"text-align: center;\"><strong>Rosomak<\/strong><\/h2>\n<h3 style=\"text-align: center;\"><em>ANETA AGNIESZKA KANTOROWICZ<\/em><\/h3>\n<p><strong>Specjalizuje si\u0119 w prowadzeniu nast\u0119puj\u0105cych kurs\u00f3w i szkole\u0144:<a href=\"https:\/\/rosomak-rst.pl\/wp-content\/uploads\/2014\/10\/rosomak.jpg\" rel=\"attachment wp-att-376\"><img loading=\"lazy\" decoding=\"async\" class=\"wp-image-376 alignright\" src=\"https:\/\/rosomak-rst.pl\/wp-content\/uploads\/2014\/10\/rosomak.jpg\" alt=\"rosomak\" width=\"311\" height=\"307\" srcset=\"https:\/\/rosomak-rst.pl\/wp-content\/uploads\/2014\/10\/rosomak.jpg 624w, https:\/\/rosomak-rst.pl\/wp-content\/uploads\/2014\/10\/rosomak-300x296.jpg 300w\" sizes=\"auto, (max-width: 311px) 100vw, 311px\" \/><\/a><\/strong><\/p>\n<ul>\n<li>szkolenia dla pracownik\u00f3w ochrony<\/li>\n<li>kursy&nbsp; dla pracownik\u00f3w ochrony<\/li>\n<li>kurs pierwszej pomocy kwalifikowanej<\/li>\n<li>szkolenia wysoko\u015bciowe<\/li>\n<li>kursy samoobrony<\/li>\n<li>podstawy pos\u0142ugiwania si\u0119 pa\u0142k\u0105 typu Tonfa<\/li>\n<li>podstawy pos\u0142ugiwania si\u0119 pa\u0142k\u0105 teleskopow\u0105<\/li>\n<li>taktyka i techniki interwencji<\/li>\n<li>doskonalenie techniki jazdy [konwojowo &#8211; ochronnej]<\/li>\n<\/ul>\n<p style=\"text-align: justify;\">Korzystamy z do\u015bwiadczenia profesjonalnych instruktor\u00f3w czynnych oraz by\u0142ych funkcjonariuszy MSWiA, BOR, MON. Nasi instruktorzy posiadaj\u0105 wieloletnie do\u015bwiadczenie, posiadaj\u0105 uprawnienia pa\u0144stwowe i resortowe, tytu\u0142y ratownik\u00f3w medycznych. Wszyscy instruktorzy posiadaj\u0105 po\u015bwiadczenia bezpiecze\u0144stwa [poufne, tajne].<\/p>\n<p style=\"text-align: justify;\">Do\u015bwiadczenie to wynika r\u00f3wnie\u017c z naszych d\u0142ugoletnich s\u0142u\u017cb w pionach prewencyjno-wywiadowczych, poddzia\u0142ach antyterrorystycznych oraz do\u015bwiadczenia z misji zagranicznych. Ratownicy nasi na co dzie\u0144 pracuj\u0105 w zespo\u0142ach wyjazdowych mi\u0119dzy innymi pe\u0142ni\u0105c s\u0142u\u017cb\u0119 zabezpieczenia VIP\u00f3w.<\/p>\n<h4><\/h4>\n<h4>JESTE\u015aMY WPISANI DO REJESTRU INSTYTUCJI SZKOLENIOWYCH W WOJEW\u00d3DZKIM URZ\u0118DZIE PRACY W WARSZAWIE POD NUMEREM 2.14\/00001\/2012<\/h4>\n<h4><\/h4>\n<p>Posiadamy do dyspozycji strzelnic\u0119 , w\u0142asny magazyn broni [odebrany przez KWP z siedzib\u0105 w Radomiu], bro\u0144 palnej kr\u00f3tk\u0105 mi\u0119dzy innymi: &nbsp;Sig Sauer , Glock, CZ 75 B oraz karabinki automatyczne AK wz.47 [z ogniem ci\u0105g\u0142ym], AKMS , \u0142\u0105czno\u015b\u0107 bezprzewodow\u0105 Motorola oraz inne potrzebne \u015brodki dydaktyczne.<\/p>\n<p>Organizujemy r\u00f3wnie\u017c :<\/p>\n<ul>\n<li>imprezy integracyjne<\/li>\n<li>catering<\/li>\n<\/ul>\n<blockquote><p>Zainteresowanych zapraszamy do kontaktu mailowego lub telefonicznego (dane poni\u017cej).<\/p><\/blockquote>\n<p style=\"text-align: center;\"><strong>Zapraszamy grupy zorganizowane jak i klient\u00f3w indywidualnych.<\/strong><\/p>\n<hr>\n<div style=\"width: 50%; float: left;\">\n<h1 style=\"text-align: left;\"><strong>Kontakt<\/strong><\/h1>\n<p style=\"padding-left: 30px;\"><strong>ANETA AGNIESZKA KANTOROWICZ<\/strong><br \/>\nNIP 656 184 79 26<br \/>\n05-660 <span style=\"text-decoration: underline;\"><strong>Warka<br \/>\n<\/strong><\/span>Michalczew 74a<br \/>\n<strong>TEL. 606-745-930<br \/>\n<\/strong><strong>rosomak@rosomak-rst.pl<br \/>\n<\/strong>koncesja<strong> L-0234\/15<br \/>\n<\/strong>koncesja<strong> B-079\/2015<br \/>\n<\/strong>konto ING<strong> 79 1050 1777 1000 0092 4067 9838<\/strong><\/p>\n<p style=\"padding-left: 30px;\">\n<\/div>\n<div style=\"width: 50%; float: left;\">\n<h1>ODDZIA\u0141Y<\/h1>\n<p style=\"padding-left: 30px;\"><span style=\"text-decoration: underline;\"><strong>Rosomak&nbsp; Kielce<\/strong><\/span><br \/>\nul. 1 Maja 56<strong><br \/>\n<\/strong><strong>TEL. <span class=\"null\">537671787<\/span><br \/>\n<a href=\"mailto:kielce@rosomak-rst.pl\">kielce@rosomak-rst.pl<\/a><br \/>\n<\/strong><\/p>\n<p style=\"padding-left: 30px;\"><span style=\"text-decoration: underline;\"><strong>Rosomak Warszawa&nbsp;&nbsp; <\/strong><\/span><br \/>\n<strong>TEL. 606745930<\/strong><br \/>\n<a href=\"mailto:warszawa@rosomak-rst.pl\">rosomak@rosomak-rst.pl<\/a><\/p>\n<p style=\"padding-left: 30px;\"><strong>&nbsp;<\/strong><\/p>\n<\/div>\n","protected":false},"excerpt":{"rendered":"<p>Rosomak ANETA AGNIESZKA KANTOROWICZ Specjalizuje si\u0119 w prowadzeniu nast\u0119puj\u0105cych kurs\u00f3w i szkole\u0144: szkolenia dla pracownik\u00f3w ochrony kursy&nbsp; dla pracownik\u00f3w ochrony kurs pierwszej pomocy kwalifikowanej szkolenia wysoko\u015bciowe kursy samoobrony podstawy pos\u0142ugiwania si\u0119 pa\u0142k\u0105 typu Tonfa podstawy pos\u0142ugiwania si\u0119 pa\u0142k\u0105 teleskopow\u0105 taktyka i techniki interwencji doskonalenie techniki jazdy [konwojowo &#8211; ochronnej] Korzystamy z do\u015bwiadczenia profesjonalnych instruktor\u00f3w czynnych [&hellip;]<\/p>\n","protected":false},"author":1,"featured_media":96,"parent":0,"menu_order":6,"comment_status":"open","ping_status":"open","template":"","meta":{"footnotes":""},"class_list":["post-60","page","type-page","status-publish","has-post-thumbnail","hentry"],"translation":{"provider":"WPGlobus","version":"3.0.0","language":"en","enabled_languages":["pl","en","de"],"languages":{"pl":{"title":true,"content":true,"excerpt":false},"en":{"title":true,"content":true,"excerpt":false},"de":{"title":true,"content":true,"excerpt":false}}},"_links":{"self":[{"href":"https:\/\/rosomak-rst.pl\/en\/wp-json\/wp\/v2\/pages\/60","targetHints":{"allow":["GET"]}}],"collection":[{"href":"https:\/\/rosomak-rst.pl\/en\/wp-json\/wp\/v2\/pages"}],"about":[{"href":"https:\/\/rosomak-rst.pl\/en\/wp-json\/wp\/v2\/types\/page"}],"author":[{"embeddable":true,"href":"https:\/\/rosomak-rst.pl\/en\/wp-json\/wp\/v2\/users\/1"}],"replies":[{"embeddable":true,"href":"https:\/\/rosomak-rst.pl\/en\/wp-json\/wp\/v2\/comments?post=60"}],"version-history":[{"count":83,"href":"https:\/\/rosomak-rst.pl\/en\/wp-json\/wp\/v2\/pages\/60\/revisions"}],"predecessor-version":[{"id":700,"href":"https:\/\/rosomak-rst.pl\/en\/wp-json\/wp\/v2\/pages\/60\/revisions\/700"}],"wp:featuredmedia":[{"embeddable":true,"href":"https:\/\/rosomak-rst.pl\/en\/wp-json\/wp\/v2\/media\/96"}],"wp:attachment":[{"href":"https:\/\/rosomak-rst.pl\/en\/wp-json\/wp\/v2\/media?parent=60"}],"curies":[{"name":"wp","href":"https:\/\/api.w.org\/{rel}","templated":true}]}}