{"id":98,"date":"2014-10-10T00:48:25","date_gmt":"2014-10-09T22:48:25","guid":{"rendered":"https:\/\/rosomak-rst.pl\/?page_id=98"},"modified":"2020-04-14T18:52:41","modified_gmt":"2020-04-14T16:52:41","slug":"sprzet","status":"publish","type":"page","link":"https:\/\/rosomak-rst.pl\/de\/sprzet\/","title":{"rendered":"Ochrona"},"content":{"rendered":"<h3>GRUPA\u00a0 DO DZIA\u0141A\u0143 SPECJALNYCH<a href=\"https:\/\/rosomak-rst.pl\/wp-content\/uploads\/2014\/10\/LOGO-OCHRONA.jpg\" rel=\"attachment wp-att-381\"><img loading=\"lazy\" decoding=\"async\" class=\"wp-image-381 alignright\" src=\"https:\/\/rosomak-rst.pl\/wp-content\/uploads\/2014\/10\/LOGO-OCHRONA.jpg\" alt=\"LOGO OCHRONA\" width=\"152\" height=\"150\" srcset=\"https:\/\/rosomak-rst.pl\/wp-content\/uploads\/2014\/10\/LOGO-OCHRONA.jpg 960w, https:\/\/rosomak-rst.pl\/wp-content\/uploads\/2014\/10\/LOGO-OCHRONA-300x296.jpg 300w\" sizes=\"auto, (max-width: 152px) 100vw, 152px\" \/><\/a><\/h3>\n<p>Bezpiecze\u0144stwo bez granic. Nasz\u00a0 zesp\u00f3\u0142 zapewni ochron\u0119 w ka\u017cdym regionie \u015bwiata!<\/p>\n<p>&nbsp;<\/p>\n<p>Wychodz\u0105c naprzeciw wysokim wymaganiom, jakie stawiaj\u0105 nam klienci, badamy i analizujemy wszystkie potrzeby,<br \/>\na tak\u017ce potencjalne zagro\u017cenia, w celu optymalnego dopasowania zar\u00f3wno rodzaju us\u0142ugi, jak r\u00f3wnie\u017c stopnia jej zaawansowania. Adaptujemy si\u0119 do potrzeb naszych kontrahent\u00f3w, sprawiaj\u0105c tym samym, i\u017c powierzaj\u0105 nam nie tylko swoje cenne mienie, ale niekiedy nawet \u017cycie. Obdarzenie nas tak wielkim zaufaniem sprawia, \u017ce musimy by\u0107 przygotowani na ka\u017cd\u0105 ewentualno\u015b\u0107 i na ka\u017cde zdarzenie. Maj\u0105c na uwadze przede wszystkim Pa\u0144stwa bezpiecze\u0144stwo proponujemy m.in. takie us\u0142ugi jak:<\/p>\n<p><a href=\"https:\/\/rosomak-rst.pl\/wp-content\/uploads\/2014\/10\/KONCESJA-XX.jpg\" rel=\"attachment wp-att-372\"><img loading=\"lazy\" decoding=\"async\" class=\"alignright wp-image-372\" src=\"https:\/\/rosomak-rst.pl\/wp-content\/uploads\/2014\/10\/KONCESJA-XX.jpg\" alt=\"KONCESJA XX\" width=\"214\" height=\"294\" \/><\/a><\/p>\n<p><strong>Z ZAKRESU OCHRONY OS\u00d3B I MIENIA:<\/strong><\/p>\n<ul>\n<li>Ochrona fizyczna obiekt\u00f3w<\/li>\n<li>Monitoring system\u00f3w alarmowych z interwencj\u0105 Grupy<\/li>\n<li>Konwoje warto\u015bci pieni\u0119\u017cnych<\/li>\n<li>Ochrona imprez masowych, event\u00f3w, plan\u00f3w filmowych<\/li>\n<li>Ochrona osobista VIP<\/li>\n<li>Transfery (imienne odbiory go\u015bci z lotniska, przew\u00f3z z podanego miejsca do miejsca docelowego)<\/li>\n<li>Wyjazdy biznesowe (<b>auto z kierowc\u0105<\/b> dla firmy, business chauffeur, corporate travel)<\/li>\n<\/ul>\n<p>&nbsp;<\/p>\n<p><strong>Z ZAKRESU ZABEZPIECZE\u0143 TECHNICZNYCH:<\/strong><\/p>\n<ul>\n<li>Systemy alarmowe<\/li>\n<li>Systemy telewizji<\/li>\n<li>Systemy inteligentnego video nadzoru<\/li>\n<li>Centrum monitorowania alarm\u00f3w (CMA)<\/li>\n<\/ul>\n<p style=\"text-align: center;\"><strong>ZAPRASZAMY DO WSP\u00d3\u0141PRACY<\/strong><\/p>\n","protected":false},"excerpt":{"rendered":"<p>GRUPA\u00a0 DO DZIA\u0141A\u0143 SPECJALNYCH Bezpiecze\u0144stwo bez granic. Nasz\u00a0 zesp\u00f3\u0142 zapewni ochron\u0119 w ka\u017cdym regionie \u015bwiata! &nbsp; Wychodz\u0105c naprzeciw wysokim wymaganiom, jakie stawiaj\u0105 nam klienci, badamy i analizujemy wszystkie potrzeby, a tak\u017ce potencjalne zagro\u017cenia, w celu optymalnego dopasowania zar\u00f3wno rodzaju us\u0142ugi, jak r\u00f3wnie\u017c stopnia jej zaawansowania. Adaptujemy si\u0119 do potrzeb naszych kontrahent\u00f3w, sprawiaj\u0105c tym samym, i\u017c [&hellip;]<\/p>\n","protected":false},"author":1,"featured_media":210,"parent":0,"menu_order":2,"comment_status":"open","ping_status":"open","template":"","meta":{"footnotes":""},"class_list":["post-98","page","type-page","status-publish","has-post-thumbnail","hentry"],"translation":{"provider":"WPGlobus","version":"3.0.0","language":"de","enabled_languages":["pl","en","de"],"languages":{"pl":{"title":true,"content":true,"excerpt":false},"en":{"title":false,"content":false,"excerpt":false},"de":{"title":false,"content":false,"excerpt":false}}},"_links":{"self":[{"href":"https:\/\/rosomak-rst.pl\/de\/wp-json\/wp\/v2\/pages\/98","targetHints":{"allow":["GET"]}}],"collection":[{"href":"https:\/\/rosomak-rst.pl\/de\/wp-json\/wp\/v2\/pages"}],"about":[{"href":"https:\/\/rosomak-rst.pl\/de\/wp-json\/wp\/v2\/types\/page"}],"author":[{"embeddable":true,"href":"https:\/\/rosomak-rst.pl\/de\/wp-json\/wp\/v2\/users\/1"}],"replies":[{"embeddable":true,"href":"https:\/\/rosomak-rst.pl\/de\/wp-json\/wp\/v2\/comments?post=98"}],"version-history":[{"count":14,"href":"https:\/\/rosomak-rst.pl\/de\/wp-json\/wp\/v2\/pages\/98\/revisions"}],"predecessor-version":[{"id":575,"href":"https:\/\/rosomak-rst.pl\/de\/wp-json\/wp\/v2\/pages\/98\/revisions\/575"}],"wp:featuredmedia":[{"embeddable":true,"href":"https:\/\/rosomak-rst.pl\/de\/wp-json\/wp\/v2\/media\/210"}],"wp:attachment":[{"href":"https:\/\/rosomak-rst.pl\/de\/wp-json\/wp\/v2\/media?parent=98"}],"curies":[{"name":"wp","href":"https:\/\/api.w.org\/{rel}","templated":true}]}}