{"id":60,"date":"2014-08-09T19:48:16","date_gmt":"2014-08-09T17:48:16","guid":{"rendered":"https:\/\/rosomak-rst.pl\/?page_id=60"},"modified":"2025-03-09T22:55:26","modified_gmt":"2025-03-09T21:55:26","slug":"kontakt","status":"publish","type":"page","link":"https:\/\/rosomak-rst.pl\/de\/kontakt\/","title":{"rendered":"Kontakt"},"content":{"rendered":"\n<p>Wir sind spezialisiert auf folgende Kurse, Ausbildungen und Schulungen:<\/p>\n\n\n\n<ul class=\"wp-block-list\">\n<li>Schulungen f\u00fcr Sicherheitspersonal<\/li>\n\n\n\n<li>Kurse f\u00fcr Sicherheitspersonal<\/li>\n\n\n\n<li>Qualifizierte Erste-Hilfe<\/li>\n\n\n\n<li>Schulungen f\u00fcr Arbeiten in gro\u00dfer H\u00f6he<\/li>\n\n\n\n<li>Selbstverteidigungskurse<\/li>\n\n\n\n<li>Grundlagen der Verwendung des Tonfa<\/li>\n\n\n\n<li>Grundlagen der Verwendung des Teleskop-Schlagstocks<\/li>\n\n\n\n<li>Taktik und Interventionstechniken<\/li>\n\n\n\n<li>Verbesserung der Fahrtechnik [Eskorte &#8211; Konvoy]<\/li>\n<\/ul>\n\n\n\n<p>Wir nutzen die Erfahrungen von professionellen Instruktoren, aktiver und ehemaliger Funktion\u00e4re des<br>Ministeriums des Innern, BOR, MON. Unsere Trainer verf\u00fcgen \u00fcber langj\u00e4hrige Erfahrung, staatliche<br>Lizenzen, Sanit\u00e4ts- und Medizin-Funktionen. Alle Trainer verf\u00fcgen \u00fcber eine vertrauliche<br>Sicherheitspr\u00fcfung sowie in bestimmten F\u00e4llen geheimdienstliche Zertifizierung.<br>\u00a0<br>Diese Erfahrung ergibt sich auch aus unserer langfristigen Beziehungen und Zugeh\u00f6rigkeiten zu<br>Nachrichtendiensten, Anti-Terror Einheiten und der Teilnahme an Auslandsmissionen. Unsere<br>Rettungskr\u00e4fte arbeiten zum Beispiel t\u00e4glich in Eins\u00e4tzen welche den Schutz von VIP Personen zum Ziel<br>heben.<br>\u00a0<br>Wir sind im Register des Institutes f\u00fcr Fortbildung im Arbeitsamt Warschau unter der Nummer: 2.14 \/<br>00001\/2012 eingetragen.<\/p>\n\n\n\n<p>Wir verf\u00fcgen \u00fcber einen Schie\u00dfstand, ein eigens Lager sowie Waffengesch\u00e4ft [abgenommen durch die<br>Kreispolizeibeh\u00f6rde in Radom ], Schusswaffen wie z.B.: Sig Sauer, Glock, CZ 75 B, vollautomatische<br>Sturmgewehre wie die AK wz.47, AKMS sowie Maschinenpistolen, Funkanlagen von Motorola ,<br>Krankenwagen mit Ausr\u00fcstung und andere notwendige Lehrmittel.<br>\u00a0<br>Wir organisieren auch:<\/p>\n\n\n\n<ul class=\"wp-block-list\">\n<li>Gesundheitsversorgung<\/li>\n\n\n\n<li>Integrationsveranstaltungen<\/li>\n\n\n\n<li>Catering<\/li>\n\n\n\n<li>Bei Interesse wenden Sie sich bitte per E-Mail oder Telefon an: (Details siehe unten).<\/li>\n<\/ul>\n\n\n\n<p>Wir laden sowohl organisierte Gruppen, Firmen und Privatpersonen zur Zusammenarbeit ein.<\/p>\n\n\n\n<p><br>Kontakt<br>ANETA AGNIESZKA Kantorowicz<br>Ust. ID. 656 184 79 26<br>05-660 Warka<br>Michalczew 74a<\/p>\n\n\n\n<p>TEL. 606-745-930<br>TEL. 48-66-77-075<br>rosomak_rst@wp.pl<br>F\u00fcr Anfragen auf Deutsch und Englisch:<br>pascal.fuenfrocken@rosomak-rst.pl<\/p>\n\n\n\n<p>Zweigstellen<br>28-300 J\u0119drzej\u00f3w, Klonowa 10<br>Leiter Thomas Dziob &#8211; TEL. 789-258-059<br>tomasz.dziob@rosomak-rst.pl<br>&nbsp;<br>25-512 Kielce, Targowa 21<br>Leiter Krzysztof Kozubek- TEL. (41) 343-20-85 \/ 730-315-980<br>krzysztof.kozubek@rosomak-rst.pl<br>&nbsp;<br>Krakow<br>Leiter Dariusz Czekalski &#8211; TEL. 512-036-686<br>&nbsp;<br>Skar\u017cysko- Kamienna, Rejowska 45<br>Leiter Robert Pajek &#8211; TEL. 509-169-709<\/p>\n","protected":false},"excerpt":{"rendered":"<p>Wir sind spezialisiert auf folgende Kurse, Ausbildungen und Schulungen: Wir nutzen die Erfahrungen von professionellen Instruktoren, aktiver und ehemaliger Funktion\u00e4re desMinisteriums des Innern, BOR, MON. Unsere Trainer verf\u00fcgen \u00fcber langj\u00e4hrige Erfahrung, staatlicheLizenzen, Sanit\u00e4ts- und Medizin-Funktionen. Alle Trainer verf\u00fcgen \u00fcber eine vertraulicheSicherheitspr\u00fcfung sowie in bestimmten F\u00e4llen geheimdienstliche Zertifizierung.\u00a0Diese Erfahrung ergibt sich auch aus unserer langfristigen Beziehungen [&hellip;]<\/p>\n","protected":false},"author":1,"featured_media":96,"parent":0,"menu_order":6,"comment_status":"open","ping_status":"open","template":"","meta":{"footnotes":""},"class_list":["post-60","page","type-page","status-publish","has-post-thumbnail","hentry"],"translation":{"provider":"WPGlobus","version":"3.0.0","language":"de","enabled_languages":["pl","en","de"],"languages":{"pl":{"title":true,"content":true,"excerpt":false},"en":{"title":true,"content":true,"excerpt":false},"de":{"title":true,"content":true,"excerpt":false}}},"_links":{"self":[{"href":"https:\/\/rosomak-rst.pl\/de\/wp-json\/wp\/v2\/pages\/60","targetHints":{"allow":["GET"]}}],"collection":[{"href":"https:\/\/rosomak-rst.pl\/de\/wp-json\/wp\/v2\/pages"}],"about":[{"href":"https:\/\/rosomak-rst.pl\/de\/wp-json\/wp\/v2\/types\/page"}],"author":[{"embeddable":true,"href":"https:\/\/rosomak-rst.pl\/de\/wp-json\/wp\/v2\/users\/1"}],"replies":[{"embeddable":true,"href":"https:\/\/rosomak-rst.pl\/de\/wp-json\/wp\/v2\/comments?post=60"}],"version-history":[{"count":83,"href":"https:\/\/rosomak-rst.pl\/de\/wp-json\/wp\/v2\/pages\/60\/revisions"}],"predecessor-version":[{"id":700,"href":"https:\/\/rosomak-rst.pl\/de\/wp-json\/wp\/v2\/pages\/60\/revisions\/700"}],"wp:featuredmedia":[{"embeddable":true,"href":"https:\/\/rosomak-rst.pl\/de\/wp-json\/wp\/v2\/media\/96"}],"wp:attachment":[{"href":"https:\/\/rosomak-rst.pl\/de\/wp-json\/wp\/v2\/media?parent=60"}],"curies":[{"name":"wp","href":"https:\/\/api.w.org\/{rel}","templated":true}]}}