{"id":281,"date":"2014-11-20T20:38:47","date_gmt":"2014-11-20T19:38:47","guid":{"rendered":"https:\/\/rosomak-rst.pl\/?page_id=281"},"modified":"2015-11-22T13:01:10","modified_gmt":"2015-11-22T12:01:10","slug":"pobierz","status":"publish","type":"page","link":"https:\/\/rosomak-rst.pl\/de\/pobierz\/","title":{"rendered":"Pobierz"},"content":{"rendered":"<p>Poni\u017cej znajduj\u0105 si\u0119 linki do materia\u0142\u00f3w do pobrania.<\/p>\n<p>&nbsp;<\/p>\n<p><a href=\"https:\/\/rosomak-rst.pl\/wp-content\/uploads\/2014\/11\/KARTA-ZG\u0141OSZENIA-NA-KURS-strona.odt\">KARTA ZG\u0141OSZENIA NA KURS<\/a><\/p>\n<p><a href=\"https:\/\/rosomak-rst.pl\/wp-content\/uploads\/2014\/11\/D20000234L.pdf\">Wzorcowy regulamin bezpiecznego funkcjonowania strzelnic<\/a><\/p>\n","protected":false},"excerpt":{"rendered":"<p>Poni\u017cej znajduj\u0105 si\u0119 linki do materia\u0142\u00f3w do pobrania. &nbsp; KARTA ZG\u0141OSZENIA NA KURS Wzorcowy regulamin bezpiecznego funkcjonowania strzelnic<\/p>\n","protected":false},"author":1,"featured_media":143,"parent":0,"menu_order":5,"comment_status":"closed","ping_status":"closed","template":"","meta":{"footnotes":""},"class_list":["post-281","page","type-page","status-publish","has-post-thumbnail","hentry"],"translation":{"provider":"WPGlobus","version":"3.0.0","language":"de","enabled_languages":["pl","en","de"],"languages":{"pl":{"title":true,"content":true,"excerpt":false},"en":{"title":false,"content":false,"excerpt":false},"de":{"title":false,"content":false,"excerpt":false}}},"_links":{"self":[{"href":"https:\/\/rosomak-rst.pl\/de\/wp-json\/wp\/v2\/pages\/281","targetHints":{"allow":["GET"]}}],"collection":[{"href":"https:\/\/rosomak-rst.pl\/de\/wp-json\/wp\/v2\/pages"}],"about":[{"href":"https:\/\/rosomak-rst.pl\/de\/wp-json\/wp\/v2\/types\/page"}],"author":[{"embeddable":true,"href":"https:\/\/rosomak-rst.pl\/de\/wp-json\/wp\/v2\/users\/1"}],"replies":[{"embeddable":true,"href":"https:\/\/rosomak-rst.pl\/de\/wp-json\/wp\/v2\/comments?post=281"}],"version-history":[{"count":7,"href":"https:\/\/rosomak-rst.pl\/de\/wp-json\/wp\/v2\/pages\/281\/revisions"}],"predecessor-version":[{"id":360,"href":"https:\/\/rosomak-rst.pl\/de\/wp-json\/wp\/v2\/pages\/281\/revisions\/360"}],"wp:featuredmedia":[{"embeddable":true,"href":"https:\/\/rosomak-rst.pl\/de\/wp-json\/wp\/v2\/media\/143"}],"wp:attachment":[{"href":"https:\/\/rosomak-rst.pl\/de\/wp-json\/wp\/v2\/media?parent=281"}],"curies":[{"name":"wp","href":"https:\/\/api.w.org\/{rel}","templated":true}]}}